{"id":1400,"date":"2020-04-19T16:44:01","date_gmt":"2020-04-19T20:44:01","guid":{"rendered":"http:\/\/sabores-silvestres.com\/?page_id=1400"},"modified":"2020-05-27T12:30:19","modified_gmt":"2020-05-27T16:30:19","slug":"acerca-de","status":"publish","type":"page","link":"https:\/\/www.saboressilvestres.org\/en\/acerca-de\/","title":{"rendered":"Acerca de Sabores Silvestres"},"content":{"rendered":"<div class=\"row\">\r\n<div class=\"col col-12 text-center\"  style>\r\n    <div class=\"col-inner\"><div data-animation=\"fadeInDown\"  class=\"w-custom-heading w-animation vc_custom_1588905521046\">\n    <h6 style=\"font-size: 6vw;color: #ed8722;text-align: center;font-family:Dancing Script;font-weight:700;font-style:normal\">    Sustainable    <\/h6><\/div><div data-animation=\"fadeInRight\"  class=\"w-custom-heading w-animation vc_custom_1588905540578\">\n    <h6 style=\"font-size: 5.5vw;color: #84c669;line-height: 0;text-align: center;font-family:Arvo;font-weight:700;font-style:normal\">    GASTRONOMY    <\/h6><\/div><div class=\"w-space\"  style=\"height:60px\"><\/div><div class=\"w-custom-heading\">\n    <p style=\"font-size: 24px;line-height: 36px;text-align: center;font-family:Lato;font-weight:300;font-style:normal\">    In 2013, Gustu and Wildlife Conservation Society (WCS) began a joint effort aimed at discovering the potential and developing the relationship between Bolivian food systems and biological and cultural conservation.    <\/p><\/div><div class=\"w-space\"  style=\"height:30px\"><\/div><div class=\"w-text-block\">\n    <p style=\"text-align: justify;\">Gustu looks for new and innovative ingredients, providing opportunities for producers and highlighting their daily work, and WCS works for the conservation of Bolivian biodiversity through a series of long-term partnerships with local indigenous communities, many of which are already engaged in efforts to sustainably produce high-quality ingredients with potential for gastronomic innovation.<\/p>\n<\/div><\/div><\/div><\/div>\r\n<div class=\"row w-full w-text-light no-padding w-v-align w-middle\"  style=\"background-color:#232323\">\r\n<div class=\"col col-6 no-padding text-center\"  style>\r\n    <div class=\"col-inner\"><div class=\"w-image text-center\"  style>\n        <img src=\"https:\/\/www.saboressilvestres.org\/wp-content\/uploads\/2020\/05\/Fachada-Gustu-by-Luis-Fern\u00e1ndez.jpg\" alt=\"\" \/>\n    <\/div>\n<\/div><\/div><div class=\"col col-6 l-padding text-center vc_custom_1436071798607\"  style>\r\n    <div class=\"col-inner\"><div class=\"w-custom-heading\">\n    <h2 style=\"color: #ffffff;text-align: center;font-family:Montserrat;font-weight:700;font-style:normal;text-transform:capitalize\">    GUSTU    <\/h2><\/div><div class=\"w-space\"  style=\"height:10px\"><\/div><span class=\"w-icon-block w-large w-none\"  style=\"color:#ffd300\">\r\n                        <i class=\"flora-icon-zigzag-2\"><\/i>\r\n            <\/span><div class=\"w-space\"  style=\"height:30px\"><\/div><div class=\"w-text-block\">\n    <p>Gustu (\"flavor\" in Quechua) is a Bolivian haute cuisine restaurant that works solely and exclusively with Bolivian products. The work is based on a deep respect for the local pantry and the natural availability of the products from the different ecosystems of the country.<\/p>\n<p><strong>For more information visit:<br \/>\n<\/strong><a href=\"https:\/\/www.gustu.bo\/es\">https:\/\/www.gustu.bo\/es<\/a><\/p>\n<\/div><\/div><\/div><\/div>\r\n<div class=\"row w-full no-padding w-v-align w-middle\">\r\n<div class=\"col col-6 l-padding text-center vc_custom_1436071818363\"  style>\r\n    <div class=\"col-inner\"><div class=\"w-custom-heading\">\n    <h2 style=\"text-align: center;font-family:Montserrat;font-weight:700;font-style:normal;text-transform:capitalize\">    WCS    <\/h2><\/div><div class=\"w-space\"  style=\"height:10px\"><\/div><span class=\"w-icon-block w-large w-none\"  style=\"color:#ffd300\">\r\n                        <i class=\"flora-icon-zigzag-2\"><\/i>\r\n            <\/span><div class=\"w-space\"  style=\"height:30px\"><\/div><div class=\"w-text-block\">\n    <p>With 125 years of history and extensive experience in the exploration and protection of outstanding biodiversity landscapes across the planet, WCS generates valuable scientific knowledge and conserves emblematic wild animals. WCS has contributed to the creation and management of protected areas and the development of experiences with local communities in the conservation of their territorial spaces and sustainable livelihoods.<\/p>\n<p><strong>For more information visit:<br \/>\n<\/strong><a href=\"https:\/\/bolivia.wcs.org\/es-es\/\">https:\/\/bolivia.wcs.org\/es-es\/<\/a><\/p>\n<\/div><\/div><\/div><div class=\"col col-6 no-padding text-center\"  style>\r\n    <div class=\"col-inner\"><div class=\"w-image text-center\"  style>\n        <img src=\"https:\/\/www.saboressilvestres.org\/wp-content\/uploads\/2020\/04\/SaboresSilvestresI\u00a9-Omar-Torrico-35-1.jpg\" alt=\"\" \/>\n    <\/div>\n<\/div><\/div><\/div>\r\n<div class=\"row w-full no-padding w-v-align w-middle\">\r\n<div class=\"col col-3 w-text-light\"  style=\"background-color:#242424\">\r\n    <div class=\"col-inner\"><div class=\"w-space\"  style=\"height:30px\"><\/div><div data-animation=\"bounceIn\"  data-animation-delay=\"0.6\"  class=\"w-info-box w-large w-top w-none w-animation\">\r\n    <div class=\"w-header\">\r\n                <span class=\"w-icon\">\r\n            <i class=\"flora-icon-bear\"><\/i>\r\n            <span class=\"w-border\"><\/span>\r\n        <\/span>\r\n                        <h3>Mission<\/h3>\r\n            <\/div>\r\n        <div class=\"w-content\">\r\n        <p>Read more<\/p>\n                        <a class=\"w-link-button small\"  href=\"https:\/\/www.saboressilvestres.org\/en\/acerca-de\/mision\/\"  title=\"Mission\">\r\n    <span><\/span>\r\n        <i class=\"flora-icon-right-small\"><\/i>\r\n            Mission    <\/a>            <\/div>\r\n    <\/div>\r\n\r\n\r\n<div class=\"w-space\"  style=\"height:30px\"><\/div><\/div><\/div><div class=\"col col-3\"  style=\"background-color:#ffebba\">\r\n    <div class=\"col-inner\"><div class=\"w-space\"  style=\"height:30px\"><\/div><div data-animation=\"bounceIn\"  data-animation-delay=\"0.6\"  class=\"w-info-box w-large w-top w-none w-animation\">\r\n    <div class=\"w-header\">\r\n                <span class=\"w-icon\">\r\n            <i class=\"flora-icon-tree\"><\/i>\r\n            <span class=\"w-border\"><\/span>\r\n        <\/span>\r\n                        <h3>Vision<\/h3>\r\n            <\/div>\r\n        <div class=\"w-content\">\r\n        <p>Read more<\/p>\n                        <a class=\"w-link-button small\"  href=\"https:\/\/www.saboressilvestres.org\/en\/acerca-de\/mision\/\"  title=\"Vision\">\r\n    <span><\/span>\r\n        <i class=\"flora-icon-right-small\"><\/i>\r\n            Vision    <\/a>            <\/div>\r\n    <\/div>\r\n\r\n\r\n<div class=\"w-space\"  style=\"height:30px\"><\/div><\/div><\/div><div class=\"col col-3\"  style=\"background-color:#ffd300\">\r\n    <div class=\"col-inner\"><div class=\"w-space\"  style=\"height:30px\"><\/div><div data-animation=\"bounceIn\"  data-animation-delay=\"0.6\"  class=\"w-info-box w-large w-top w-none w-animation\">\r\n    <div class=\"w-header\">\r\n                <span class=\"w-icon\">\r\n            <i class=\"linecons-food\"><\/i>\r\n            <span class=\"w-border\"><\/span>\r\n        <\/span>\r\n                        <h3>Objectives<\/h3>\r\n            <\/div>\r\n        <div class=\"w-content\">\r\n        <p>Read more<\/p>\n                        <a class=\"w-link-button small\"  href=\"https:\/\/www.saboressilvestres.org\/en\/acerca-de\/mision\/\"  title=\"Objectives\">\r\n    <span><\/span>\r\n        <i class=\"flora-icon-right-small\"><\/i>\r\n            Objectives    <\/a>            <\/div>\r\n    <\/div>\r\n\r\n\r\n<div class=\"w-space\"  style=\"height:30px\"><\/div><\/div><\/div><div class=\"col col-3 w-text-light\"  style=\"background-color:#594b4a\">\r\n    <div class=\"col-inner\"><div class=\"w-space\"  style=\"height:30px\"><\/div><div data-animation=\"bounceIn\"  data-animation-delay=\"0.6\"  class=\"w-info-box w-large w-top w-none w-animation\">\r\n    <div class=\"w-header\">\r\n                <span class=\"w-icon\">\r\n            <i class=\"fa fa-users\"><\/i>\r\n            <span class=\"w-border\"><\/span>\r\n        <\/span>\r\n                        <h3>Scope<\/h3>\r\n            <\/div>\r\n        <div class=\"w-content\">\r\n        <p>Read more<\/p>\n                        <a class=\"w-link-button small\"  href=\"https:\/\/www.saboressilvestres.org\/en\/acerca-de\/mision\/\"  title=\"Scope\">\r\n    <span><\/span>\r\n        <i class=\"flora-icon-right-small\"><\/i>\r\n            Scope    <\/a>            <\/div>\r\n    <\/div>\r\n\r\n\r\n<div class=\"w-space\"  style=\"height:30px\"><\/div><\/div><\/div><\/div>","protected":false},"excerpt":{"rendered":"Gastronom\u00eda SOSTENIBLE En 2013, Gustu y Wildlife Conservation Society (WCS) iniciaron un trabajo conjunto orientado a descubrir el potencial y desarrollar la relaci\u00f3n entre los sistemas alimentarios bolivianos y la conservaci\u00f3n tanto a nivel biol\u00f3gico como cultural. Gustu buscando ingredientes nuevos e innovadores, brindando oportunidades a los productores y destacando su trabajo cotidiano, y WCS [...]","protected":false},"author":1,"featured_media":0,"parent":0,"menu_order":0,"comment_status":"open","ping_status":"open","template":"","meta":{"wprm-recipe-roundup-name":[],"wprm-recipe-roundup-description":[],"spay_email":""},"yoast_head":"<!-- This site is optimized with the Yoast SEO plugin v16.5 - https:\/\/yoast.com\/wordpress\/plugins\/seo\/ -->\n<title>Acerca de Sabores Silvestres - SABORES SILVESTRES<\/title>\n<meta name=\"robots\" content=\"index, follow, max-snippet:-1, max-image-preview:large, max-video-preview:-1\" \/>\n<link rel=\"canonical\" href=\"https:\/\/www.saboressilvestres.org\/en\/acerca-de\/\" \/>\n<meta property=\"og:locale\" content=\"en_US\" \/>\n<meta property=\"og:type\" content=\"article\" \/>\n<meta property=\"og:title\" content=\"Acerca de Sabores Silvestres - SABORES SILVESTRES\" \/>\n<meta property=\"og:url\" content=\"https:\/\/www.saboressilvestres.org\/en\/acerca-de\/\" \/>\n<meta property=\"og:site_name\" content=\"SABORES SILVESTRES\" \/>\n<meta property=\"article:modified_time\" content=\"2020-05-27T16:30:19+00:00\" \/>\n<meta name=\"twitter:card\" content=\"summary_large_image\" \/>\n<meta name=\"twitter:label1\" content=\"Est. reading time\" \/>\n\t<meta name=\"twitter:data1\" content=\"4 minutes\" \/>\n<script type=\"application\/ld+json\" class=\"yoast-schema-graph\">{\"@context\":\"https:\/\/schema.org\",\"@graph\":[{\"@type\":\"WebSite\",\"@id\":\"https:\/\/www.saboressilvestres.org\/#website\",\"url\":\"https:\/\/www.saboressilvestres.org\/\",\"name\":\"SABORES SILVESTRES\",\"description\":\"Bolivia\",\"potentialAction\":[{\"@type\":\"SearchAction\",\"target\":\"https:\/\/www.saboressilvestres.org\/?s={search_term_string}\",\"query-input\":\"required name=search_term_string\"}],\"inLanguage\":\"en-US\"},{\"@type\":\"WebPage\",\"@id\":\"https:\/\/www.saboressilvestres.org\/acerca-de\/#webpage\",\"url\":\"https:\/\/www.saboressilvestres.org\/acerca-de\/\",\"name\":\"Acerca de Sabores Silvestres - SABORES SILVESTRES\",\"isPartOf\":{\"@id\":\"https:\/\/www.saboressilvestres.org\/#website\"},\"datePublished\":\"2020-04-19T20:44:01+00:00\",\"dateModified\":\"2020-05-27T16:30:19+00:00\",\"breadcrumb\":{\"@id\":\"https:\/\/www.saboressilvestres.org\/acerca-de\/#breadcrumb\"},\"inLanguage\":\"en-US\",\"potentialAction\":[{\"@type\":\"ReadAction\",\"target\":[\"https:\/\/www.saboressilvestres.org\/acerca-de\/\"]}]},{\"@type\":\"BreadcrumbList\",\"@id\":\"https:\/\/www.saboressilvestres.org\/acerca-de\/#breadcrumb\",\"itemListElement\":[{\"@type\":\"ListItem\",\"position\":1,\"name\":\"Portada\",\"item\":\"https:\/\/www.saboressilvestres.org\/\"},{\"@type\":\"ListItem\",\"position\":2,\"name\":\"Acerca de Sabores Silvestres\"}]}]}<\/script>\n<!-- \/ Yoast SEO plugin. -->","_links":{"self":[{"href":"https:\/\/www.saboressilvestres.org\/en\/wp-json\/wp\/v2\/pages\/1400"}],"collection":[{"href":"https:\/\/www.saboressilvestres.org\/en\/wp-json\/wp\/v2\/pages"}],"about":[{"href":"https:\/\/www.saboressilvestres.org\/en\/wp-json\/wp\/v2\/types\/page"}],"author":[{"embeddable":true,"href":"https:\/\/www.saboressilvestres.org\/en\/wp-json\/wp\/v2\/users\/1"}],"replies":[{"embeddable":true,"href":"https:\/\/www.saboressilvestres.org\/en\/wp-json\/wp\/v2\/comments?post=1400"}],"version-history":[{"count":36,"href":"https:\/\/www.saboressilvestres.org\/en\/wp-json\/wp\/v2\/pages\/1400\/revisions"}],"predecessor-version":[{"id":2384,"href":"https:\/\/www.saboressilvestres.org\/en\/wp-json\/wp\/v2\/pages\/1400\/revisions\/2384"}],"wp:attachment":[{"href":"https:\/\/www.saboressilvestres.org\/en\/wp-json\/wp\/v2\/media?parent=1400"}],"curies":[{"name":"wp","href":"https:\/\/api.w.org\/{rel}","templated":true}]}}