{"id":1636,"date":"2020-04-22T01:30:13","date_gmt":"2020-04-22T05:30:13","guid":{"rendered":"http:\/\/sabores-silvestres.com\/?page_id=1636"},"modified":"2020-05-26T21:34:11","modified_gmt":"2020-05-27T01:34:11","slug":"mision","status":"publish","type":"page","link":"https:\/\/www.saboressilvestres.org\/en\/acerca-de\/mision\/","title":{"rendered":"Mission"},"content":{"rendered":"<div class=\"row\">\r\n<div class=\"col col-12 text-center\"  style>\r\n    <div class=\"col-inner\"><div data-animation=\"fadeInDown\"  class=\"w-custom-heading w-animation vc_custom_1587525102462\">\n    <h6 style=\"font-size: 6vw;color: #ed8722;text-align: center;font-family:Dancing Script;font-weight:700;font-style:normal\">    Our    <\/h6><\/div><div data-animation=\"fadeInRight\"  class=\"w-custom-heading w-animation vc_custom_1588943616595\">\n    <h6 style=\"font-size: 5.5vw;color: #84c669;line-height: 0;text-align: center;font-family:Arvo;font-weight:700;font-style:normal\">    MISSION    <\/h6><\/div><div class=\"w-space\"  style=\"height:60px\"><\/div><div class=\"w-custom-heading\">\n    <p style=\"font-size: 24px;line-height: 36px;text-align: center;font-family:Lato;font-weight:300;font-style:normal\">    SABORES SILVESTRES promotes the conservation of biodiversity, the preservation of food heritage and the promotion of Bolivian gastronomic culture through the work of an interdisciplinary group of professionals dedicated to research, understanding, conservation and sustainable transformation of products from all Bolivian ecoregions and ecosystems.    <\/p><\/div><\/div><\/div><\/div>\r\n<div class=\"row w-full w-text-light no-padding w-v-align w-middle\"  style=\"background-color:#232323\">\r\n<div class=\"col col-6 no-padding text-center\"  style>\r\n    <div class=\"col-inner\"><div class=\"w-image text-center\"  style>\n        <img src=\"https:\/\/www.saboressilvestres.org\/wp-content\/uploads\/2020\/05\/SaboresSilvestresIOmar-Torrico-36.jpg\" alt=\"\" \/>\n    <\/div>\n<\/div><\/div><div class=\"col col-6 l-padding text-center vc_custom_1436071798607\"  style>\r\n    <div class=\"col-inner\"><div class=\"w-custom-heading\">\n    <h2 style=\"color: #ffffff;text-align: center;font-family:Montserrat;font-weight:700;font-style:normal;text-transform:capitalize\">    Vision    <\/h2><\/div><div class=\"w-space\"  style=\"height:10px\"><\/div><span class=\"w-icon-block w-large w-none\"  style=\"color:#ffd300\">\r\n                        <i class=\"flora-icon-zigzag-2\"><\/i>\r\n            <\/span><div class=\"w-space\"  style=\"height:30px\"><\/div><div class=\"w-text-block\">\n    <p>SABORES SILVESTRES seeks a deeper understanding of the Bolivian natural pantry, recognizing that by understanding and preserving products we are also respecting them and promoting a sense of pride, recognition and sustainable livelihoods for rural communities, productive associations and the indigenous peoples of Bolivia.<\/p>\n<\/div><\/div><\/div><\/div>\r\n<div class=\"row w-full no-padding w-v-align w-middle\">\r\n<div class=\"col col-6 l-padding text-center vc_custom_1436071818363\"  style>\r\n    <div class=\"col-inner\"><div class=\"w-custom-heading\">\n    <h2 style=\"text-align: center;font-family:Montserrat;font-weight:700;font-style:normal;text-transform:capitalize\">    Objective    <\/h2><\/div><div class=\"w-space\"  style=\"height:10px\"><\/div><span class=\"w-icon-block w-large w-none\"  style=\"color:#ffd300\">\r\n                        <i class=\"flora-icon-zigzag-2\"><\/i>\r\n            <\/span><div class=\"w-space\"  style=\"height:30px\"><\/div><div class=\"w-text-block\">\n    <p>Disseminate knowledge about native Bolivian products, their characteristics, qualities and ethnographic significance through an open access multimedia interactive platform that places the knowledge obtained through interdisciplinary and systematic research in the hands of the general public, promoting the conservation of ancestral products and the biodiversity and ecosystems where they occur.<\/p>\n<\/div><\/div><\/div><div class=\"col col-6 no-padding text-center\"  style>\r\n    <div class=\"col-inner\"><div class=\"w-image text-center\"  style>\n        <img src=\"https:\/\/www.saboressilvestres.org\/wp-content\/uploads\/2020\/04\/MARSIA1.jpg\" alt=\"\" \/>\n    <\/div>\n<\/div><\/div><\/div>\r\n<div class=\"row w-full w-text-light no-padding w-v-align w-middle\"  style=\"background-color:#232323\">\r\n<div class=\"col col-6 no-padding text-center\"  style>\r\n    <div class=\"col-inner\"><div class=\"w-image text-center\"  style>\n        <img src=\"https:\/\/www.saboressilvestres.org\/wp-content\/uploads\/2020\/04\/MURMUNTA-CON-LECHE-DE-ALMENDRAS-ALMAZ\u00d3NICAS-ACEITE-DE-HUACATAYA-Y-HOJAS-DE-HUACATAYA-CON-QUESO-MADURADO-by-PATRICIO-CROOKER-_-GUSTU_2019_004.jpg\" alt=\"\" \/>\n    <\/div>\n<\/div><\/div><div class=\"col col-6 l-padding text-center vc_custom_1436071828957\"  style>\r\n    <div class=\"col-inner\"><div class=\"w-custom-heading\">\n    <h2 style=\"color: #ffffff;text-align: center;font-family:Montserrat;font-weight:700;font-style:normal;text-transform:capitalize\">    Scope    <\/h2><\/div><div class=\"w-space\"  style=\"height:10px\"><\/div><span class=\"w-icon-block w-large w-none\"  style=\"color:#ffd300\">\r\n                        <i class=\"flora-icon-zigzag-2\"><\/i>\r\n            <\/span><div class=\"w-space\"  style=\"height:30px\"><\/div><div class=\"w-text-block\">\n    <p>Sabores Silvestres contemplates a deep and interdisciplinary view of Bolivian biodiversity, food heritage and gastronomic culture, from the cultural and ceremonial significance to the ancestral techniques and knowledge about native products of the different Bolivian ecosystems, seeking to tell the story behind each product, investigate its origins and uses, thereby rescuing and preserving their true value as the ancestral legacy of Bolivian gastronomic culture.<\/p>\n<\/div><\/div><\/div><\/div>\r\n<div id=\"4col-info\"  class=\"row vc_custom_1588946415634\">\r\n<div class=\"col col-12 text-center\"  style>\r\n    <div class=\"col-inner\"><div class=\"w-space\"  style=\"height:80px\"><\/div><div class=\"row\">\r\n    <div class=\"col col-3\"  style>\r\n    <div class=\"col-inner\"><div data-animation=\"fadeInRight\"  class=\"w-info-box w-medium w-top w-none w-animation\">\r\n    <div class=\"w-header\">\r\n                <span class=\"w-icon\"  style=\"color:#ed8722\">\r\n            <i class=\"flora-icon-birds\"><\/i>\r\n            <span class=\"w-border\"  style=\"color:#ed8722\"><\/span>\r\n        <\/span>\r\n                        <h3>Biodiversity<\/h3>\r\n            <\/div>\r\n        <div class=\"w-content\">\r\n        <p>Sabores Silvestres ventures to protected areas and natural places in Bolivia with an impressive biological wealth.<\/p>\n                        <a class=\"w-link-button small\"  href=\"\/en\/acerca-de\/gastronomia-biodiversidad-y-cultura\/areas-protegidas-para-la-conservacion-de-la-biodiversidad\/\"  title=\"Read more\">\r\n    <span><\/span>\r\n        <i class=\"flora-icon-right-small\"><\/i>\r\n            Read more    <\/a>            <\/div>\r\n    <\/div>\r\n\r\n\r\n<\/div><\/div><div class=\"col col-3\"  style>\r\n    <div class=\"col-inner\"><div data-animation=\"fadeInUp\"  class=\"w-info-box w-medium w-top w-none w-animation\">\r\n    <div class=\"w-header\">\r\n                <span class=\"w-icon\"  style=\"color:#ed8722\">\r\n            <i class=\"flora-icon-rectangle\"><\/i>\r\n            <span class=\"w-border\"  style=\"color:#ed8722\"><\/span>\r\n        <\/span>\r\n                        <h3>Indigenous territories and culture<\/h3>\r\n            <\/div>\r\n        <div class=\"w-content\">\r\n        <p>Bolivia also has an immense wealth in terms of indigenous territories and culture.<\/p>\n                        <a class=\"w-link-button small\"  href=\"\/en\/acerca-de\/gastronomia-biodiversidad-y-cultura\/territorios-indigenas-custodios-de-la-naturaleza\/\"  title=\"Read more\">\r\n    <span><\/span>\r\n        <i class=\"flora-icon-right-small\"><\/i>\r\n            Read more    <\/a>            <\/div>\r\n    <\/div>\r\n\r\n\r\n<\/div><\/div><div class=\"col col-3\"  style>\r\n    <div class=\"col-inner\"><div data-animation=\"fadeInLeft\"  class=\"w-info-box w-medium w-top w-none w-animation\">\r\n    <div class=\"w-header\">\r\n                <span class=\"w-icon\"  style=\"color:#ed8722\">\r\n            <i class=\"linecons-food\"><\/i>\r\n            <span class=\"w-border\"  style=\"color:#ed8722\"><\/span>\r\n        <\/span>\r\n                        <h3>Ancestral flavors<\/h3>\r\n            <\/div>\r\n        <div class=\"w-content\">\r\n        <p>Our inspiration derives from the Bolivian natural pantry, but also from traditional knowledge, culture and the participation of local people that encourage a journey to the heart of the producers.<\/p>\n                        <a class=\"w-link-button small\"  href=\"\/en\/acerca-de\/gastronomia-biodiversidad-y-cultura\/inspiracion-gastronomica\/\"  title=\"Read more\">\r\n    <span><\/span>\r\n        <i class=\"flora-icon-right-small\"><\/i>\r\n            Read more    <\/a>            <\/div>\r\n    <\/div>\r\n\r\n\r\n<\/div><\/div><div class=\"col col-3\"  style>\r\n    <div class=\"col-inner\"><div data-animation=\"fadeInLeft\"  class=\"w-info-box w-medium w-top w-none w-animation\">\r\n    <div class=\"w-header\">\r\n                <span class=\"w-icon\"  style=\"color:#ed8722\">\r\n            <i class=\"etline-map\"><\/i>\r\n            <span class=\"w-border\"  style=\"color:#ed8722\"><\/span>\r\n        <\/span>\r\n                        <h3>Expeditions<\/h3>\r\n            <\/div>\r\n        <div class=\"w-content\">\r\n        <p>Bolivia has a wide altitude gradient, which has given rise to different ecological levels in which we can find a wide range of products. Learn about our trips to extraordinary places in Bolivia.<\/p>\n                        <a class=\"w-link-button small\"  href=\"https:\/\/www.saboressilvestres.org\/en\/sitios-visitados\/\"  title=\"Read more\">\r\n    <span><\/span>\r\n        <i class=\"flora-icon-right-small\"><\/i>\r\n            Read more    <\/a>            <\/div>\r\n    <\/div>\r\n\r\n\r\n<\/div><\/div><\/div><\/div><\/div><\/div>\r\n<div class=\"row w-full no-padding w-v-align w-middle\"  style=\"background-color:#232323\">\r\n<div class=\"col col-6 w-text-light l-padding text-center vc_custom_1588949370812\"  style>\r\n    <div class=\"col-inner\"><div class=\"w-custom-heading\">\n    <h2 style=\"text-align: center;font-family:Montserrat;font-weight:700;font-style:normal;text-transform:capitalize\">    The team    <\/h2><\/div><div class=\"w-space\"  style=\"height:10px\"><\/div><span class=\"w-icon-block w-large w-none\"  style=\"color:#ffd300\">\r\n                        <i class=\"flora-icon-zigzag-2\"><\/i>\r\n            <\/span><div class=\"w-space\"  style=\"height:30px\"><\/div><div class=\"w-text-block\">\n    <p>Gustu and WCS have formed a multidisciplinary working team. Chefs, biologists, agronomists, communicators and technicians carry out expeditions to discover different products, contact producers, and carry out multisectoral and interdisciplinary research to learn more about the gastronomic potential of Bolivia.<\/p>\n<\/div><\/div><\/div><div class=\"col col-6 no-padding text-center\"  style>\r\n    <div class=\"col-inner\"><div class=\"w-image text-center\"  style>\n        <img src=\"https:\/\/www.saboressilvestres.org\/wp-content\/uploads\/2020\/04\/Sabores-Silvestres-I-Day-7-Rob-Wallace-WCS-3234.jpg\" alt=\"\" \/>\n    <\/div>\n<\/div><\/div><\/div>\r\n<div class=\"row w-full no-padding w-v-align w-middle\">\r\n<div class=\"col col-3 w-text-light\"  style=\"background-color:#242424\">\r\n    <div class=\"col-inner\"><div class=\"w-space\"  style=\"height:30px\"><\/div><div data-animation=\"bounceIn\"  data-animation-delay=\"0.6\"  class=\"w-info-box w-large w-top w-none w-animation\">\r\n    <div class=\"w-header\">\r\n                <span class=\"w-icon\">\r\n            <i class=\"etline-dial\"><\/i>\r\n            <span class=\"w-border\"><\/span>\r\n        <\/span>\r\n                        <h3>Impact<\/h3>\r\n            <\/div>\r\n        <div class=\"w-content\">\r\n        <p>Understand the impacts generated<\/p>\n                        <a class=\"w-link-button small\"  href=\"https:\/\/www.saboressilvestres.org\/en\/impactos\/\"  title=\"Read more\">\r\n    <span><\/span>\r\n        <i class=\"flora-icon-right-small\"><\/i>\r\n            Read more    <\/a>            <\/div>\r\n    <\/div>\r\n\r\n\r\n<div class=\"w-space\"  style=\"height:30px\"><\/div><\/div><\/div><div class=\"col col-3\"  style=\"background-color:#ffebba\">\r\n    <div class=\"col-inner\"><div class=\"w-space\"  style=\"height:30px\"><\/div><div data-animation=\"bounceIn\"  data-animation-delay=\"0.6\"  class=\"w-info-box w-large w-top w-none w-animation\">\r\n    <div class=\"w-header\">\r\n                <span class=\"w-icon\">\r\n            <i class=\"etline-chat\"><\/i>\r\n            <span class=\"w-border\"><\/span>\r\n        <\/span>\r\n                        <h3>Contact us<\/h3>\r\n            <\/div>\r\n        <div class=\"w-content\">\r\n        <p>Contact us<\/p>\n                        <a class=\"w-link-button small\"  href=\"https:\/\/www.saboressilvestres.org\/en\/contacto\/\"  title=\"Contact us\">\r\n    <span><\/span>\r\n        <i class=\"flora-icon-right-small\"><\/i>\r\n            Contact us    <\/a>            <\/div>\r\n    <\/div>\r\n\r\n\r\n<div class=\"w-space\"  style=\"height:30px\"><\/div><\/div><\/div><div class=\"col col-3\"  style=\"background-color:#ffd300\">\r\n    <div class=\"col-inner\"><div class=\"w-space\"  style=\"height:30px\"><\/div><div data-animation=\"bounceIn\"  data-animation-delay=\"0.6\"  class=\"w-info-box w-large w-top w-none w-animation\">\r\n    <div class=\"w-header\">\r\n                <span class=\"w-icon\">\r\n            <i class=\"etline-profile-male\"><\/i>\r\n            <span class=\"w-border\"><\/span>\r\n        <\/span>\r\n                        <h3>Customers<\/h3>\r\n            <\/div>\r\n        <div class=\"w-content\">\r\n        <p>Meet the clients<\/p>\n                        <a class=\"w-link-button small\"  href=\"https:\/\/www.saboressilvestres.org\/en\/impactos\/\"  title=\"Read more\">\r\n    <span><\/span>\r\n        <i class=\"flora-icon-right-small\"><\/i>\r\n            Read more    <\/a>            <\/div>\r\n    <\/div>\r\n\r\n\r\n<div class=\"w-space\"  style=\"height:30px\"><\/div><\/div><\/div><div class=\"col col-3 w-text-light\"  style=\"background-color:#594b4a\">\r\n    <div class=\"col-inner\"><div class=\"w-space\"  style=\"height:30px\"><\/div><div data-animation=\"bounceIn\"  data-animation-delay=\"0.6\"  class=\"w-info-box w-large w-top w-none w-animation\">\r\n    <div class=\"w-header\">\r\n                <span class=\"w-icon\">\r\n            <i class=\"fa fa-users\"><\/i>\r\n            <span class=\"w-border\"><\/span>\r\n        <\/span>\r\n                        <h3>Producers<\/h3>\r\n            <\/div>\r\n        <div class=\"w-content\">\r\n        <p>Meet the producers<\/p>\n                        <a class=\"w-link-button small\"  href=\"https:\/\/www.saboressilvestres.org\/en\/productores\/\"  title=\"Read more\">\r\n    <span><\/span>\r\n        <i class=\"flora-icon-right-small\"><\/i>\r\n            Read more    <\/a>            <\/div>\r\n    <\/div>\r\n\r\n\r\n<div class=\"w-space\"  style=\"height:30px\"><\/div><\/div><\/div><\/div>","protected":false},"excerpt":{"rendered":"Nuestra MISI\u00d3N SABORES SILVESTRES impulsa la conservaci\u00f3n de la biodiversidad y la preservaci\u00f3n del patrimonio alimentario y la cultura gastron\u00f3mica bolivianos a trav\u00e9s del trabajo de un grupo interdisciplinario de profesionales dedicados a la investigaci\u00f3n, la comprensi\u00f3n, la conservaci\u00f3n y la transformaci\u00f3n de productos de todas las ecoregiones y ecosistemas del territorio boliviano. Visi\u00f3n SABORES [...]","protected":false},"author":1,"featured_media":0,"parent":1400,"menu_order":0,"comment_status":"open","ping_status":"closed","template":"","meta":{"wprm-recipe-roundup-name":[],"wprm-recipe-roundup-description":[],"spay_email":""},"yoast_head":"<!-- This site is optimized with the Yoast SEO plugin v16.5 - https:\/\/yoast.com\/wordpress\/plugins\/seo\/ -->\n<title>Misi\u00f3n - SABORES SILVESTRES<\/title>\n<meta name=\"robots\" content=\"index, follow, max-snippet:-1, max-image-preview:large, max-video-preview:-1\" \/>\n<link rel=\"canonical\" href=\"https:\/\/www.saboressilvestres.org\/en\/acerca-de\/mision\/\" \/>\n<meta property=\"og:locale\" content=\"en_US\" \/>\n<meta property=\"og:type\" content=\"article\" \/>\n<meta property=\"og:title\" content=\"Misi\u00f3n - SABORES SILVESTRES\" \/>\n<meta property=\"og:url\" content=\"https:\/\/www.saboressilvestres.org\/en\/acerca-de\/mision\/\" \/>\n<meta property=\"og:site_name\" content=\"SABORES SILVESTRES\" \/>\n<meta property=\"article:modified_time\" content=\"2020-05-27T01:34:11+00:00\" \/>\n<meta name=\"twitter:card\" content=\"summary_large_image\" \/>\n<meta name=\"twitter:label1\" content=\"Est. reading time\" \/>\n\t<meta name=\"twitter:data1\" content=\"7 minutes\" \/>\n<script type=\"application\/ld+json\" class=\"yoast-schema-graph\">{\"@context\":\"https:\/\/schema.org\",\"@graph\":[{\"@type\":\"WebSite\",\"@id\":\"https:\/\/www.saboressilvestres.org\/#website\",\"url\":\"https:\/\/www.saboressilvestres.org\/\",\"name\":\"SABORES SILVESTRES\",\"description\":\"Bolivia\",\"potentialAction\":[{\"@type\":\"SearchAction\",\"target\":\"https:\/\/www.saboressilvestres.org\/?s={search_term_string}\",\"query-input\":\"required name=search_term_string\"}],\"inLanguage\":\"en-US\"},{\"@type\":\"WebPage\",\"@id\":\"https:\/\/www.saboressilvestres.org\/acerca-de\/mision\/#webpage\",\"url\":\"https:\/\/www.saboressilvestres.org\/acerca-de\/mision\/\",\"name\":\"Misi\\u00f3n - SABORES SILVESTRES\",\"isPartOf\":{\"@id\":\"https:\/\/www.saboressilvestres.org\/#website\"},\"datePublished\":\"2020-04-22T05:30:13+00:00\",\"dateModified\":\"2020-05-27T01:34:11+00:00\",\"breadcrumb\":{\"@id\":\"https:\/\/www.saboressilvestres.org\/acerca-de\/mision\/#breadcrumb\"},\"inLanguage\":\"en-US\",\"potentialAction\":[{\"@type\":\"ReadAction\",\"target\":[\"https:\/\/www.saboressilvestres.org\/acerca-de\/mision\/\"]}]},{\"@type\":\"BreadcrumbList\",\"@id\":\"https:\/\/www.saboressilvestres.org\/acerca-de\/mision\/#breadcrumb\",\"itemListElement\":[{\"@type\":\"ListItem\",\"position\":1,\"name\":\"Portada\",\"item\":\"https:\/\/www.saboressilvestres.org\/\"},{\"@type\":\"ListItem\",\"position\":2,\"name\":\"Acerca de Sabores Silvestres\",\"item\":\"https:\/\/www.saboressilvestres.org\/acerca-de\/\"},{\"@type\":\"ListItem\",\"position\":3,\"name\":\"Misi\\u00f3n\"}]}]}<\/script>\n<!-- \/ Yoast SEO plugin. -->","_links":{"self":[{"href":"https:\/\/www.saboressilvestres.org\/en\/wp-json\/wp\/v2\/pages\/1636"}],"collection":[{"href":"https:\/\/www.saboressilvestres.org\/en\/wp-json\/wp\/v2\/pages"}],"about":[{"href":"https:\/\/www.saboressilvestres.org\/en\/wp-json\/wp\/v2\/types\/page"}],"author":[{"embeddable":true,"href":"https:\/\/www.saboressilvestres.org\/en\/wp-json\/wp\/v2\/users\/1"}],"replies":[{"embeddable":true,"href":"https:\/\/www.saboressilvestres.org\/en\/wp-json\/wp\/v2\/comments?post=1636"}],"version-history":[{"count":19,"href":"https:\/\/www.saboressilvestres.org\/en\/wp-json\/wp\/v2\/pages\/1636\/revisions"}],"predecessor-version":[{"id":2368,"href":"https:\/\/www.saboressilvestres.org\/en\/wp-json\/wp\/v2\/pages\/1636\/revisions\/2368"}],"up":[{"embeddable":true,"href":"https:\/\/www.saboressilvestres.org\/en\/wp-json\/wp\/v2\/pages\/1400"}],"wp:attachment":[{"href":"https:\/\/www.saboressilvestres.org\/en\/wp-json\/wp\/v2\/media?parent=1636"}],"curies":[{"name":"wp","href":"https:\/\/api.w.org\/{rel}","templated":true}]}}