{"id":1668,"date":"2020-04-22T12:41:36","date_gmt":"2020-04-22T16:41:36","guid":{"rendered":"http:\/\/sabores-silvestres.com\/?page_id=1668"},"modified":"2020-05-28T17:43:53","modified_gmt":"2020-05-28T21:43:53","slug":"impactos","status":"publish","type":"page","link":"https:\/\/www.saboressilvestres.org\/en\/impactos\/","title":{"rendered":"Impacts"},"content":{"rendered":"<div class=\"row\">\r\n<div class=\"col col-12 text-center\"  style>\r\n    <div class=\"col-inner\"><div data-animation=\"fadeInDown\"  class=\"w-custom-heading w-animation vc_custom_1587573757250\">\n    <h6 style=\"font-size: 6vw;color: #ed8722;text-align: center;font-family:Dancing Script;font-weight:700;font-style:normal\">    Our    <\/h6><\/div><div data-animation=\"fadeInRight\"  class=\"w-custom-heading w-animation vc_custom_1587573771497\">\n    <h6 style=\"font-size: 5.5vw;color: #84c669;line-height: 0;text-align: center;font-family:Arvo;font-weight:700;font-style:normal\">    MEASUREMENT    <\/h6><\/div><div class=\"w-space\"  style=\"height:60px\"><\/div><div class=\"w-custom-heading\">\n    <p style=\"font-size: 24px;line-height: 36px;text-align: center;font-family:Lato;font-weight:300;font-style:normal\">    Sabores Silvestres generates different benefits for local communities, including contact between producers and clients interested in purchasing specific products, as well as exposure and dissemination of information through the expeditions and press coverage. Here are some of the indicators of the project.    <\/p><\/div><\/div><\/div><\/div>\r\n<div class=\"row w-full w-text-light no-padding w-v-align w-middle\"  style=\"background-color:#232323\">\r\n<div class=\"col col-6 no-padding text-center\"  style>\r\n    <div class=\"col-inner\"><\/div><\/div><div class=\"col col-6 l-padding text-center vc_custom_1436071798607\"  style>\r\n    <div class=\"col-inner\"><div class=\"w-custom-heading\">\n    <h2 style=\"color: #ffffff;text-align: center;font-family:Montserrat;font-weight:700;font-style:normal;text-transform:capitalize\">    Protected areas visited    <\/h2><\/div><div class=\"w-space\"  style=\"height:10px\"><\/div><span class=\"w-icon-block w-large w-none\"  style=\"color:#ffd300\">\r\n                        <i class=\"flora-icon-zigzag-2\"><\/i>\r\n            <\/span><div class=\"w-space\"  style=\"height:30px\"><\/div><div class=\"w-text-block\">\n    <p>Sabores Silvestres has visited 4 national protected areas so far. Get to know them!<\/p>\n<\/div><div class=\"w-space\"  style=\"height:30px\"><\/div><a class=\"w-link-button\"  href=\"\/en\/acerca-de\/gastronomia-biodiversidad-y-cultura\/areas-protegidas-para-la-conservacion-de-la-biodiversidad\/\"  title=\"Read more\">\r\n    <span><\/span>\r\n            Read more    <\/a><\/div><\/div><\/div>\r\n<div class=\"row w-full no-padding w-v-align w-middle\">\r\n<div class=\"col col-6 l-padding text-center vc_custom_1436071818363\"  style>\r\n    <div class=\"col-inner\"><div class=\"w-custom-heading\">\n    <h2 style=\"text-align: center;font-family:Montserrat;font-weight:700;font-style:normal;text-transform:capitalize\">    Indigenous territories visited    <\/h2><\/div><div class=\"w-space\"  style=\"height:10px\"><\/div><span class=\"w-icon-block w-large w-none\"  style=\"color:#ffd300\">\r\n                        <i class=\"flora-icon-zigzag-2\"><\/i>\r\n            <\/span><div class=\"w-space\"  style=\"height:30px\"><\/div><div class=\"w-text-block\">\n    <p>Sabores Silvestres has so far visited five indigenous territories: Marka Cololo Copacabana Antaquilla, Lecos de Apolo, Lecos de Larecaja, Tacana and T\u2019simanes Moseten. We invite you to meet them.<\/p>\n<\/div><\/div><\/div><div class=\"col col-6 no-padding text-center\"  style>\r\n    <div class=\"col-inner\"><\/div><\/div><\/div>\r\n<div class=\"row w-full w-text-light no-padding w-v-align w-middle\"  style=\"background-color:#232323\">\r\n<div class=\"col col-6 no-padding text-center\"  style>\r\n    <div class=\"col-inner\"><\/div><\/div><div class=\"col col-6 l-padding text-center vc_custom_1436071828957\"  style>\r\n    <div class=\"col-inner\"><div class=\"w-custom-heading\">\n    <h2 style=\"color: #ffffff;text-align: center;font-family:Montserrat;font-weight:700;font-style:normal;text-transform:capitalize\">    Agreements made    <\/h2><\/div><div class=\"w-space\"  style=\"height:10px\"><\/div><span class=\"w-icon-block w-large w-none\"  style=\"color:#ffd300\">\r\n                        <i class=\"flora-icon-zigzag-2\"><\/i>\r\n            <\/span><div class=\"w-space\"  style=\"height:30px\"><\/div><div class=\"w-text-block\">\n    <p>Gustu and WCS made agreements with various community producers for the distribution of their products, developing a market with different restaurants and the general public<\/p>\n<\/div><div class=\"w-space\"  style=\"height:30px\"><\/div><a class=\"w-link-button\"  href=\"https:\/\/www.saboressilvestres.org\/en\/productores\/\"  title=\"Producers\">\r\n    <span><\/span>\r\n            Producers    <\/a><\/div><\/div><\/div>\r\n<div class=\"row w-full no-padding w-v-align w-middle\">\r\n<div class=\"col col-6 l-padding text-center vc_custom_1436071818363\"  style>\r\n    <div class=\"col-inner\"><div class=\"w-custom-heading\">\n    <h2 style=\"text-align: center;font-family:Montserrat;font-weight:700;font-style:normal;text-transform:capitalize\">    Customers    <\/h2><\/div><div class=\"w-space\"  style=\"height:10px\"><\/div><span class=\"w-icon-block w-large w-none\"  style=\"color:#ffd300\">\r\n                        <i class=\"flora-icon-zigzag-2\"><\/i>\r\n            <\/span><div class=\"w-space\"  style=\"height:30px\"><\/div><div class=\"w-text-block\">\n    <p>Until now Jard\u00edn de Asia, Chifa Thai, Gustu, Ali Pacha and the Hipermaxi supermarket have requested products featured by Sabores Silvestres<\/p>\n<\/div><div class=\"w-space\"  style=\"height:30px\"><\/div><div class=\"w-text-block\">\n    <p style=\"text-align: center;\"><a href=\"#\">GUSTU<\/a>\u00a0 |\u00a0 <a href=\"#\">JARDIN DE ASIA<\/a>\u00a0 |\u00a0 <a href=\"#\">HIPERMAXI<\/a><\/p>\n<\/div><\/div><\/div><div class=\"col col-6 no-padding text-center\"  style>\r\n    <div class=\"col-inner\"><\/div><\/div><\/div>\r\n<div class=\"row w-full w-text-light no-padding w-v-align w-middle\"  style=\"background-color:#232323\">\r\n<div class=\"col col-6 no-padding text-center\"  style>\r\n    <div class=\"col-inner\"><\/div><\/div><div class=\"col col-6 l-padding text-center vc_custom_1436071828957\"  style>\r\n    <div class=\"col-inner\"><div class=\"w-custom-heading\">\n    <h2 style=\"color: #ffffff;text-align: center;font-family:Montserrat;font-weight:700;font-style:normal;text-transform:capitalize\">    Participating press media    <\/h2><\/div><div class=\"w-space\"  style=\"height:10px\"><\/div><span class=\"w-icon-block w-large w-none\"  style=\"color:#ffd300\">\r\n                        <i class=\"flora-icon-zigzag-2\"><\/i>\r\n            <\/span><div class=\"w-space\"  style=\"height:30px\"><\/div><div class=\"w-text-block\">\n    <p>National and international press participated in the different Sabores Silvestres expeditions. We invite you to read these publications<\/p>\n<\/div><div class=\"w-space\"  style=\"height:30px\"><\/div><a class=\"w-link-button\"  href=\"https:\/\/www.saboressilvestres.org\/en\/recursos\/\"  title=\"Multimedia\">\r\n    <span><\/span>\r\n            Multimedia    <\/a><\/div><\/div><\/div>\r\n<div class=\"row w-full no-padding w-v-align w-middle\">\r\n<div class=\"col col-6 l-padding text-center vc_custom_1436071818363\"  style>\r\n    <div class=\"col-inner\"><div class=\"w-custom-heading\">\n    <h2 style=\"text-align: center;font-family:Montserrat;font-weight:700;font-style:normal;text-transform:capitalize\">    Fairs    <\/h2><\/div><div class=\"w-space\"  style=\"height:10px\"><\/div><span class=\"w-icon-block w-large w-none\"  style=\"color:#ffd300\">\r\n                        <i class=\"flora-icon-zigzag-2\"><\/i>\r\n            <\/span><div class=\"w-space\"  style=\"height:30px\"><\/div><div class=\"w-text-block\">\n    <p>Producers from different communities were able to participate in the \u00d1am Bolivia fair. Learn more about this fair<\/p>\n<\/div><div class=\"w-space\"  style=\"height:30px\"><\/div><a class=\"w-link-button\"  href=\"https:\/\/chefandhotel.cl\/reportajes\/nam-bolivia\"  target=\"_blank\">\r\n    <span><\/span>\r\n            \u00d1AM BOLIVIA    <\/a><\/div><\/div><div class=\"col col-6 no-padding text-center\"  style>\r\n    <div class=\"col-inner\"><\/div><\/div><\/div>","protected":false},"excerpt":{"rendered":"Nuestro IMPACTO Hasta el momento, Sabores Silvestres es un proyecto que ha ido generando diferentes beneficios para las comunidades locales que por un lado se reflejan en contacto a productores y venta de productos espec\u00edficos y por otro a trav\u00e9s de la difusi\u00f3n de informaci\u00f3n de las expediciones a trav\u00e9s de los medios de prensa. [...]","protected":false},"author":1,"featured_media":0,"parent":0,"menu_order":0,"comment_status":"open","ping_status":"open","template":"","meta":{"wprm-recipe-roundup-name":[],"wprm-recipe-roundup-description":[],"spay_email":""},"yoast_head":"<!-- This site is optimized with the Yoast SEO plugin v16.5 - https:\/\/yoast.com\/wordpress\/plugins\/seo\/ -->\n<title>Impactos - SABORES SILVESTRES<\/title>\n<meta name=\"robots\" content=\"index, follow, max-snippet:-1, max-image-preview:large, max-video-preview:-1\" \/>\n<link rel=\"canonical\" href=\"https:\/\/www.saboressilvestres.org\/en\/impactos\/\" \/>\n<meta property=\"og:locale\" content=\"en_US\" \/>\n<meta property=\"og:type\" content=\"article\" \/>\n<meta property=\"og:title\" content=\"Impactos - SABORES SILVESTRES\" \/>\n<meta property=\"og:url\" content=\"https:\/\/www.saboressilvestres.org\/en\/impactos\/\" \/>\n<meta property=\"og:site_name\" content=\"SABORES SILVESTRES\" \/>\n<meta property=\"article:modified_time\" content=\"2020-05-28T21:43:53+00:00\" \/>\n<meta name=\"twitter:card\" content=\"summary_large_image\" \/>\n<meta name=\"twitter:label1\" content=\"Est. reading time\" \/>\n\t<meta name=\"twitter:data1\" content=\"5 minutes\" \/>\n<script type=\"application\/ld+json\" class=\"yoast-schema-graph\">{\"@context\":\"https:\/\/schema.org\",\"@graph\":[{\"@type\":\"WebSite\",\"@id\":\"https:\/\/www.saboressilvestres.org\/#website\",\"url\":\"https:\/\/www.saboressilvestres.org\/\",\"name\":\"SABORES SILVESTRES\",\"description\":\"Bolivia\",\"potentialAction\":[{\"@type\":\"SearchAction\",\"target\":\"https:\/\/www.saboressilvestres.org\/?s={search_term_string}\",\"query-input\":\"required name=search_term_string\"}],\"inLanguage\":\"en-US\"},{\"@type\":\"WebPage\",\"@id\":\"https:\/\/www.saboressilvestres.org\/impactos\/#webpage\",\"url\":\"https:\/\/www.saboressilvestres.org\/impactos\/\",\"name\":\"Impactos - SABORES SILVESTRES\",\"isPartOf\":{\"@id\":\"https:\/\/www.saboressilvestres.org\/#website\"},\"datePublished\":\"2020-04-22T16:41:36+00:00\",\"dateModified\":\"2020-05-28T21:43:53+00:00\",\"breadcrumb\":{\"@id\":\"https:\/\/www.saboressilvestres.org\/impactos\/#breadcrumb\"},\"inLanguage\":\"en-US\",\"potentialAction\":[{\"@type\":\"ReadAction\",\"target\":[\"https:\/\/www.saboressilvestres.org\/impactos\/\"]}]},{\"@type\":\"BreadcrumbList\",\"@id\":\"https:\/\/www.saboressilvestres.org\/impactos\/#breadcrumb\",\"itemListElement\":[{\"@type\":\"ListItem\",\"position\":1,\"name\":\"Portada\",\"item\":\"https:\/\/www.saboressilvestres.org\/\"},{\"@type\":\"ListItem\",\"position\":2,\"name\":\"Impactos\"}]}]}<\/script>\n<!-- \/ Yoast SEO plugin. -->","_links":{"self":[{"href":"https:\/\/www.saboressilvestres.org\/en\/wp-json\/wp\/v2\/pages\/1668"}],"collection":[{"href":"https:\/\/www.saboressilvestres.org\/en\/wp-json\/wp\/v2\/pages"}],"about":[{"href":"https:\/\/www.saboressilvestres.org\/en\/wp-json\/wp\/v2\/types\/page"}],"author":[{"embeddable":true,"href":"https:\/\/www.saboressilvestres.org\/en\/wp-json\/wp\/v2\/users\/1"}],"replies":[{"embeddable":true,"href":"https:\/\/www.saboressilvestres.org\/en\/wp-json\/wp\/v2\/comments?post=1668"}],"version-history":[{"count":7,"href":"https:\/\/www.saboressilvestres.org\/en\/wp-json\/wp\/v2\/pages\/1668\/revisions"}],"predecessor-version":[{"id":2375,"href":"https:\/\/www.saboressilvestres.org\/en\/wp-json\/wp\/v2\/pages\/1668\/revisions\/2375"}],"wp:attachment":[{"href":"https:\/\/www.saboressilvestres.org\/en\/wp-json\/wp\/v2\/media?parent=1668"}],"curies":[{"name":"wp","href":"https:\/\/api.w.org\/{rel}","templated":true}]}}