{"id":1877,"date":"2020-04-28T12:14:28","date_gmt":"2020-04-28T16:14:28","guid":{"rendered":"http:\/\/sabores-silvestres.com\/?page_id=1877"},"modified":"2020-05-27T15:17:33","modified_gmt":"2020-05-27T19:17:33","slug":"documentales","status":"publish","type":"page","link":"https:\/\/www.saboressilvestres.org\/en\/recursos\/documentales\/","title":{"rendered":"Documentaries"},"content":{"rendered":"<div class=\"row\">\r\n<div class=\"col col-12 text-center\"  style>\r\n    <div class=\"col-inner\"><div data-animation=\"fadeInDown\"  class=\"w-custom-heading w-animation vc_custom_1587437995203\">\n    <h6 style=\"font-size: 6vw;color: #ed8722;text-align: center;font-family:Dancing Script;font-weight:700;font-style:normal\">    Collecting    <\/h6><\/div><div data-animation=\"fadeInRight\"  class=\"w-custom-heading w-animation vc_custom_1587438052671\">\n    <h6 style=\"font-size: 5.5vw;color: #84c669;line-height: 0;text-align: center;font-family:Arvo;font-weight:700;font-style:normal\">    HISTORY    <\/h6><\/div><div class=\"w-space\"  style=\"height:60px\"><\/div><div class=\"w-custom-heading\">\n    <p style=\"font-size: 24px;line-height: 36px;text-align: center;font-family:Lato;font-weight:300;font-style:normal\">        <\/p><\/div><\/div><\/div><\/div>\r\n<div class=\"row w-full no-padding w-v-align w-middle\">\r\n<div class=\"col col-3\"  style=\"background-color:#ffd300\">\r\n    <div class=\"col-inner\"><div class=\"w-space\"  style=\"height:30px\"><\/div><div data-animation=\"bounceIn\"  data-animation-delay=\"0.6\"  class=\"w-info-box w-large w-top w-none w-animation\">\r\n    <div class=\"w-header\">\r\n                <span class=\"w-icon\">\r\n            <i class=\"etline-video\"><\/i>\r\n            <span class=\"w-border\"><\/span>\r\n        <\/span>\r\n                        <h3>Documentaries<\/h3>\r\n            <\/div>\r\n        <div class=\"w-content\">\r\n        <div class=\"w-header\"><\/div>\n<div class=\"w-content\">\n<p>Documentaries about Sabores Silvestres<\/p>\n<\/div>\n            <\/div>\r\n    <\/div>\r\n\r\n\r\n<div class=\"w-space\"  style=\"height:30px\"><\/div><\/div><\/div><div class=\"col col-3 w-text-light\"  style=\"background-color:#594b4a\">\r\n    <div class=\"col-inner\"><div class=\"w-space\"  style=\"height:30px\"><\/div><div data-animation=\"bounceIn\"  data-animation-delay=\"0.6\"  class=\"w-info-box w-large w-top w-none w-animation\">\r\n    <div class=\"w-header\">\r\n                <span class=\"w-icon\">\r\n            <i class=\"etline-camera\"><\/i>\r\n            <span class=\"w-border\"><\/span>\r\n        <\/span>\r\n                        <h3>Photographs<\/h3>\r\n            <\/div>\r\n        <div class=\"w-content\">\r\n        <p>Meet the magical places through images<\/p>\n                        <a class=\"w-link-button small\"  href=\"http:\/\/wydethemes.com\/flora\"  target=\"_blank\">\r\n    <span><\/span>\r\n        <i class=\"flora-icon-right-small\"><\/i>\r\n            Read More    <\/a>            <\/div>\r\n    <\/div>\r\n\r\n\r\n<div class=\"w-space\"  style=\"height:30px\"><\/div><\/div><\/div><div class=\"col col-3\"  style=\"background-color:#ffebba\">\r\n    <div class=\"col-inner\"><div class=\"w-space\"  style=\"height:30px\"><\/div><div data-animation=\"bounceIn\"  data-animation-delay=\"0.6\"  class=\"w-info-box w-large w-top w-none w-animation\">\r\n    <div class=\"w-header\">\r\n                <span class=\"w-icon\">\r\n            <i class=\"etline-documents\"><\/i>\r\n            <span class=\"w-border\"><\/span>\r\n        <\/span>\r\n                        <h3>Fact Sheets<\/h3>\r\n            <\/div>\r\n        <div class=\"w-content\">\r\n        <p>Information fact sheets about fantastic products<\/p>\n            <\/div>\r\n    <\/div>\r\n\r\n\r\n<div class=\"w-space\"  style=\"height:30px\"><\/div><\/div><\/div><div class=\"col col-3\"  style=\"background-color:#84c669\">\r\n    <div class=\"col-inner\"><div class=\"w-space\"  style=\"height:30px\"><\/div><div data-animation=\"bounceIn\"  data-animation-delay=\"0.6\"  class=\"w-info-box w-large w-top w-none w-animation\">\r\n    <div class=\"w-header\">\r\n                <span class=\"w-icon\">\r\n            <i class=\"etline-book-open\"><\/i>\r\n            <span class=\"w-border\"><\/span>\r\n        <\/span>\r\n                        <h3>Gu\u00eda de productos<\/h3>\r\n            <\/div>\r\n        <div class=\"w-content\">\r\n        <p>Press<\/p>\n                        <a class=\"w-link-button small\"  href=\"#\"  target=\"_blank\">\r\n    <span><\/span>\r\n        <i class=\"flora-icon-right-small\"><\/i>\r\n            Read More    <\/a>            <\/div>\r\n    <\/div>\r\n\r\n\r\n<div class=\"w-space\"  style=\"height:30px\"><\/div><\/div><\/div><\/div>\r\n<div class=\"row w-full\">\r\n<div class=\"col col-12\"  style>\r\n    <div class=\"col-inner\"><div data-animation=\"flipInX\"  class=\"w-custom-heading w-animation\">\n    <h2 style=\"color: #84c669;text-align: center;font-family:Anonymous Pro;font-weight:400;font-style:normal\">    Documentaries    <\/h2><\/div><script>\t\tjQuery(function() {\t\t\tjQuery(\"#universal_video_player_777321\").universal_video_player({\t\t\t\tskin:\"whiteControllers\",\t\t\t\twidth:980,\t\t\t\theight:720,\t\t\t\tresponsive:true,\t\t\t\tresponsiveRelativeToBrowser:false,\t\t\t\tcenterPlayer:true,\t\t\t\tshuffle:false,\t\t\t\tfirstVideo:0,\t\t\t\tinitialVolume:1,\t\t\t\tloop:false,\t\t\t\tshowCategs:false,\t\t\t\tshowSearch:false,\t\t\t\tshowTopTitle:false,\t\t\t\tshowTimer:false,\t\t\t\tshowRewindBut:true,\t\t\t\tshowPlayBut:true,\t\t\t\tshowVolumeBut:true,\t\t\t\tshowFacebookBut:false,\t\t\t\tfacebookAppID:\"\",\t\t\t\tfacebookShareTitle:\"\",\t\t\t\tfacebookShareDescription:\"\",\t\t\t\tshowTwitterBut:false,\t\t\t\tshowInfoBut:true,\t\t\t\tshowDownloadBut:false,\t\t\t\tshowPlaylistBut:true,\t\t\t\tshowFullscreenBut:false,\t\t\t\tshowShuffleBut:false,\t\t\t\tshowNextPrevBut:true,\t\t\t\tborderColor:\"#4a4a4a\",\t\t\t\tplaylistWidth:282,\t\t\t\tpathToDownloadFile:\"https:\/\/www.saboressilvestres.org\/wp-content\/plugins\/lbg_universal_video_player_addon_visual_composer\/universal_video_player\/\",\t\t\t\tabsUrl:\"https:\/\/www.saboressilvestres.org\/wp-content\/plugins\/lbg_universal_video_player_addon_visual_composer\/universal_video_player\/\",\t\t\t\tsuggestedQuality:\"default\",\t\t\t\tcontrolsBgFullScreenColor:\"#000000\",\t\t\t\tplaylistScrollerBgColorOFF:\"#cccccc\",\t\t\t\tplaylistScrollerBgColorON:\"#ffffff\",\t\t\t\tnumberOfThumbsPerScreen:0,\t\t\t\tlogoImagePath:\"\",\t\t\t\tlogoLink:\"\",\t\t\t\tlogoTarget:\"_blank\",\t\t\t\tshowLogo:false,\t\t\t\tautoPlayFirstVideo:true,\t\t\t\tautoPlayOnMobile:false,\t\t\t\tplaylistRecordShowImg:true,\t\t\t\tplaylistRecordShowTitle:true,\t\t\t\tplaylistRecordShowDesc:true,\t\t\t\tplaylistRecordHeight:89,\t\t\t\tplaylistRecordPadding:10,\t\t\t\tplaylistTitleFontSize:15,\t\t\t\tplaylistTitleLineHeight:15,\t\t\t\tplaylistDescFontSize:12,\t\t\t\tplaylistDescLineHeight:15,\t\t\t\tplaylistRecordBgOffColor:\"#eeeeee\",\t\t\t\tplaylistRecordTitleOffColor:\"#333333\",\t\t\t\tplaylistRecordDescOffColor:\"#333333\",\t\t\t\tplaylistRecordBgOffImgOpacity:100,\t\t\t\tplaylistRecordBgOnColor:\"#de1a21\",\t\t\t\tplaylistRecordTitleOnColor:\"#ffffff\",\t\t\t\tplaylistRecordDescOnColor:\"#ffffff\",\t\t\t\tplaylistRecordBgOnImgOpacity:100,\t\t\t\tplaylistBgColor:\"#4a4a4a\",\t\t\t\tplaylistRecordTitleLimit:22,\t\t\t\tplaylistRecordDescLimit:84,\t\t\t\tshowPlaylistOnInit:false,\t\t\t\tcategoryRecordBgOffColor:\"#000000\",\t\t\t\tcategoryRecordBgOnColor:\"#252525\",\t\t\t\tcategoryRecordBottomBorderOffColor:\"#333333\",\t\t\t\tcategoryRecordBottomBorderOnColor:\"#333333\",\t\t\t\tcategoryRecordTextOffColor:\"#4c4c4c\",\t\t\t\tcategoryRecordTextOnColor:\"#de1a21\",\t\t\t\tfirstCateg:\"\",\t\t\t\tselectedCategBg:\"\",\t\t\t\tselectedCategOffColor:\"#ffffff\",\t\t\t\tselectedCategOnColor:\"#de1a28\",\t\t\t\tsearchAreaBg:\"\",\t\t\t\tsearchInputText:\"buscar...\",\t\t\t\tsearchInputBg:\"#cccccc\",\t\t\t\tsearchInputBorderColor:\"#4a4a4a\",\t\t\t\tsearchInputTextColor:\"#333333\",\t\t\t\ttopTitleColor:\"#ffffff\",\t\t\t\ttimerColor:\"#ffffff\",\t\t\t\tbufferEmptyColor:\"#929292\",\t\t\t\tbufferFullColor:\"#333333\",\t\t\t\tseekbarColor:\"#ffffff\",\t\t\t\tvolumeOffColor:\"#454545\",\t\t\t\tvolumeOnColor:\"#ffffff\",\t\t\t\tplayButColorOff:\"#de1a21\",\t\t\t\tplayButColorOn:\"#de1a21\",\t\t\t\tgoogleTrakingOn:false,\t\t\t\tgoogleTrakingCode:\"\",\t\t\t\tgetYouTubeData:true,\t\t\t\tpathToAjaxFiles:\"https:\/\/www.saboressilvestres.org\/wp-content\/plugins\/lbg_universal_video_player_addon_visual_composer\/universal_video_player\/\",\t\t\t\torigThumbImgW:69,\t\t\t\torigThumbImgH:69\t\t\t});\t\t});\t<\/script>    <div id=\"universal_video_player_777321\" style=\"display:none;\">                <ul class=\"universal_video_player_list\"><li data-bottom-thumb=\"https:\/\/www.saboressilvestres.org\/wp-content\/uploads\/2015\/06\/flora-blog-pic-13-1-640x640.jpg\"                    \tdata-title=\"GUSTU\"                        data-desc=\"Entrevista\"\t\t\t\t\t\t\t\t\t\t\t\tdata-startpoint=\"\"\t\t\t\t\t\t\t\t\t\t\t\tdata-endpoint=\"\"                        data-youtube=\"ySVoVT59big\"\t\t\t\t\t\tdata-vimeo=\"\"\t\t\t\t\t\tdata-selfhostedmp4=\"\"\t\t\t\t\t\tdata-selfhostedwebm=\"\"                        data-category=\"ALL CATEGORIES\">                   <\/li> <\/ul>    <\/div><br style=\"clear:both;\"><\/div><\/div><\/div>","protected":false},"excerpt":{"rendered":"Recopilando HISTORIA Documentales Documentales que relatan nuestras expediciones Fotograf\u00edas Conozca los m\u00e1gicos lugares visitados a trav\u00e9s de una serie de im\u00e1genes. Read More Hojas informativas Hojas informativas sobre de productos maravillosos. Gu\u00eda de productos Gu\u00eda de productos provenientes de la biodiversidad. Read More Documentales","protected":false},"author":1,"featured_media":0,"parent":1407,"menu_order":0,"comment_status":"open","ping_status":"open","template":"","meta":{"wprm-recipe-roundup-name":[],"wprm-recipe-roundup-description":[],"spay_email":""},"yoast_head":"<!-- This site is optimized with the Yoast SEO plugin v16.5 - https:\/\/yoast.com\/wordpress\/plugins\/seo\/ -->\n<title>Documentales - SABORES SILVESTRES<\/title>\n<meta name=\"robots\" content=\"index, follow, max-snippet:-1, max-image-preview:large, max-video-preview:-1\" \/>\n<link rel=\"canonical\" href=\"https:\/\/www.saboressilvestres.org\/en\/recursos\/documentales\/\" \/>\n<meta property=\"og:locale\" content=\"en_US\" \/>\n<meta property=\"og:type\" content=\"article\" \/>\n<meta property=\"og:title\" content=\"Documentales - SABORES SILVESTRES\" \/>\n<meta property=\"og:url\" content=\"https:\/\/www.saboressilvestres.org\/en\/recursos\/documentales\/\" \/>\n<meta property=\"og:site_name\" content=\"SABORES SILVESTRES\" \/>\n<meta property=\"article:modified_time\" content=\"2020-05-27T19:17:33+00:00\" \/>\n<meta name=\"twitter:card\" content=\"summary_large_image\" \/>\n<meta name=\"twitter:label1\" content=\"Est. reading time\" \/>\n\t<meta name=\"twitter:data1\" content=\"3 minutes\" \/>\n<script type=\"application\/ld+json\" class=\"yoast-schema-graph\">{\"@context\":\"https:\/\/schema.org\",\"@graph\":[{\"@type\":\"WebSite\",\"@id\":\"https:\/\/www.saboressilvestres.org\/#website\",\"url\":\"https:\/\/www.saboressilvestres.org\/\",\"name\":\"SABORES SILVESTRES\",\"description\":\"Bolivia\",\"potentialAction\":[{\"@type\":\"SearchAction\",\"target\":\"https:\/\/www.saboressilvestres.org\/?s={search_term_string}\",\"query-input\":\"required name=search_term_string\"}],\"inLanguage\":\"en-US\"},{\"@type\":\"WebPage\",\"@id\":\"https:\/\/www.saboressilvestres.org\/recursos\/documentales\/#webpage\",\"url\":\"https:\/\/www.saboressilvestres.org\/recursos\/documentales\/\",\"name\":\"Documentales - SABORES SILVESTRES\",\"isPartOf\":{\"@id\":\"https:\/\/www.saboressilvestres.org\/#website\"},\"datePublished\":\"2020-04-28T16:14:28+00:00\",\"dateModified\":\"2020-05-27T19:17:33+00:00\",\"breadcrumb\":{\"@id\":\"https:\/\/www.saboressilvestres.org\/recursos\/documentales\/#breadcrumb\"},\"inLanguage\":\"en-US\",\"potentialAction\":[{\"@type\":\"ReadAction\",\"target\":[\"https:\/\/www.saboressilvestres.org\/recursos\/documentales\/\"]}]},{\"@type\":\"BreadcrumbList\",\"@id\":\"https:\/\/www.saboressilvestres.org\/recursos\/documentales\/#breadcrumb\",\"itemListElement\":[{\"@type\":\"ListItem\",\"position\":1,\"name\":\"Portada\",\"item\":\"https:\/\/www.saboressilvestres.org\/\"},{\"@type\":\"ListItem\",\"position\":2,\"name\":\"Recursos\",\"item\":\"https:\/\/www.saboressilvestres.org\/recursos\/\"},{\"@type\":\"ListItem\",\"position\":3,\"name\":\"Documentales\"}]}]}<\/script>\n<!-- \/ Yoast SEO plugin. -->","_links":{"self":[{"href":"https:\/\/www.saboressilvestres.org\/en\/wp-json\/wp\/v2\/pages\/1877"}],"collection":[{"href":"https:\/\/www.saboressilvestres.org\/en\/wp-json\/wp\/v2\/pages"}],"about":[{"href":"https:\/\/www.saboressilvestres.org\/en\/wp-json\/wp\/v2\/types\/page"}],"author":[{"embeddable":true,"href":"https:\/\/www.saboressilvestres.org\/en\/wp-json\/wp\/v2\/users\/1"}],"replies":[{"embeddable":true,"href":"https:\/\/www.saboressilvestres.org\/en\/wp-json\/wp\/v2\/comments?post=1877"}],"version-history":[{"count":3,"href":"https:\/\/www.saboressilvestres.org\/en\/wp-json\/wp\/v2\/pages\/1877\/revisions"}],"predecessor-version":[{"id":1894,"href":"https:\/\/www.saboressilvestres.org\/en\/wp-json\/wp\/v2\/pages\/1877\/revisions\/1894"}],"up":[{"embeddable":true,"href":"https:\/\/www.saboressilvestres.org\/en\/wp-json\/wp\/v2\/pages\/1407"}],"wp:attachment":[{"href":"https:\/\/www.saboressilvestres.org\/en\/wp-json\/wp\/v2\/media?parent=1877"}],"curies":[{"name":"wp","href":"https:\/\/api.w.org\/{rel}","templated":true}]}}