{"id":1881,"date":"2020-04-28T12:39:05","date_gmt":"2020-04-28T16:39:05","guid":{"rendered":"http:\/\/sabores-silvestres.com\/?page_id=1881"},"modified":"2020-05-27T15:24:44","modified_gmt":"2020-05-27T19:24:44","slug":"hojas-informativas","status":"publish","type":"page","link":"https:\/\/www.saboressilvestres.org\/en\/recursos\/hojas-informativas\/","title":{"rendered":"Fact Sheets"},"content":{"rendered":"<div class=\"row\">\r\n<div class=\"col col-12 text-center\"  style>\r\n    <div class=\"col-inner\"><div data-animation=\"fadeInDown\"  class=\"w-custom-heading w-animation vc_custom_1587437995203\">\n    <h6 style=\"font-size: 6vw;color: #ed8722;text-align: center;font-family:Dancing Script;font-weight:700;font-style:normal\">    Collecting    <\/h6><\/div><div data-animation=\"fadeInRight\"  class=\"w-custom-heading w-animation vc_custom_1587438052671\">\n    <h6 style=\"font-size: 5.5vw;color: #84c669;line-height: 0;text-align: center;font-family:Arvo;font-weight:700;font-style:normal\">    HISTORY    <\/h6><\/div><div class=\"w-space\"  style=\"height:60px\"><\/div><div class=\"w-custom-heading\">\n    <p style=\"font-size: 24px;line-height: 36px;text-align: center;font-family:Lato;font-weight:300;font-style:normal\">        <\/p><\/div><\/div><\/div><\/div>\r\n<div class=\"row s-padding\">\r\n<div class=\"col col-12\"  style>\r\n    <div class=\"col-inner\"><div data-animation=\"flipInX\"  class=\"w-custom-heading w-animation\">\n    <h2 style=\"color: #84c669;text-align: center;font-family:Anonymous Pro;font-weight:400;font-style:normal\">    Fact Sheets    <\/h2><\/div><div class=\"w-text-block todo\">\n        <script src=\"https:\/\/www.saboressilvestres.org\/wp-content\/plugins\/download-manager\/assets\/js\/jquery.dataTables.min.js\"><\/script>\n    <script src=\"https:\/\/www.saboressilvestres.org\/wp-content\/plugins\/download-manager\/assets\/js\/dataTables.bootstrap4.min.js\"><\/script>\n    <link href=\"https:\/\/www.saboressilvestres.org\/wp-content\/plugins\/download-manager\/assets\/css\/jquery.dataTables.min.css\" rel=\"stylesheet\" \/>\n\n    <script>\n        jQuery(function($){\n            var __dt = $('#wpdmmydls-cbe332008921fadda34fd94228d15e51').dataTable({\n                responsive: true,\n                \"order\": [[ 0, \"asc\" ]],\n                \"language\": {\n                    \"lengthMenu\": \"Mostrar _MENU_ descargas por p\u00e1gina\",\n                    \"zeroRecords\": \"Nada _START_ a - Lo siento\",\n                    \"info\": \"Mostrando _START_ a _END_ de _TOTAL_ descargas\",\n                    \"infoEmpty\": \"No hay descargas disponibles\",\n                    \"infoFiltered\": \"(filtrado de _MAX_ descargas totales)\",\n                    \"emptyTable\":     \"No hay datos disponibles en la tabla\",\n                    \"infoPostFix\":    \"\",\n                    \"thousands\":      \",\",\n                    \"loadingRecords\": \"Cargando...\",\n                    \"processing\":     \"Procesando...\",\n                    \"search\":         \"Buscar:\",\n                    \"paginate\": {\n                        \"first\":      \"Primero\",\n                        \"last\":       \"\u00daltimo\",\n                        \"next\":       \"Siguiente\",\n                        \"previous\":   \"Anterior\"\n                    },\n                    \"aria\": {\n                        \"sortAscending\":  \" : activar para ordenar columna de forma ascendente\",\n                        \"sortDescending\": \": activar para ordenar columna de forma descendente\"\n                    }\n                },\n                \"iDisplayLength\": 20,\n                \"aLengthMenu\": [[20, 10, 25, 50, -1], [20, 10, 25, 50, \"Todos\"]]\n            });\n\n        });\n    <\/script>\n<style>\n    table,td,th{\n        border: 0;\n    }\n    #wpdm-all-packages .card{\n        overflow: hidden;\n    }\n    #wpdmmydls-cbe332008921fadda34fd94228d15e51{\n        border-bottom: 1px solid #dddddd;\n        border-top: 1px solid #dddddd;\n        font-size: 10pt;\n        min-width: 100%;\n    }\n    #wpdmmydls-cbe332008921fadda34fd94228d15e51 .wpdm-download-link img{\n        box-shadow: none !important;\n        max-width: 100%;\n    }\n    .w3eden .pagination{\n        margin: 0 !important;\n    }\n    #wpdmmydls-cbe332008921fadda34fd94228d15e51 td:not(:first-child){\n        vertical-align: middle !important;\n    }\n    #wpdmmydls-cbe332008921fadda34fd94228d15e51 td.__dt_col_download_link .btn{\n        display: block;\n        width: 100%;\n    }\n    #wpdmmydls-cbe332008921fadda34fd94228d15e51 td.__dt_col_download_link,\n    #wpdmmydls-cbe332008921fadda34fd94228d15e51 th#download_link{\n        max-width: 155px !important;\n        width: 155px;\n\n    }\n    #wpdmmydls-cbe332008921fadda34fd94228d15e51 th{\n        background-color: rgba(0,0,0,0.04);\n        border-bottom: 1px solid rgba(0,0,0,0.025);\n    }\n    #wpdmmydls-cbe332008921fadda34fd94228d15e51_length label,\n    #wpdmmydls-cbe332008921fadda34fd94228d15e51_filter label{\n        font-weight: 400;\n    }\n    #wpdmmydls-cbe332008921fadda34fd94228d15e51_filter input[type=search]{\n        display: inline-block;\n        width: 200px;\n    }\n    #wpdmmydls-cbe332008921fadda34fd94228d15e51_length select{\n        display: inline-block;\n        width: 60px;\n    }\n\n    #wpdmmydls-cbe332008921fadda34fd94228d15e51 .package-title{\n        color:#36597C;\n        font-size: 11pt;\n        font-weight: 700;\n    }\n    #wpdmmydls-cbe332008921fadda34fd94228d15e51 .small-txt{\n        margin-right: 7px;\n    }\n    #wpdmmydls-cbe332008921fadda34fd94228d15e51 td{\n        min-width: 150px;\n    }\n\n    #wpdmmydls-cbe332008921fadda34fd94228d15e51 td.__dt_col_categories{\n        max-width: 300px;\n    }\n\n    #wpdmmydls-cbe332008921fadda34fd94228d15e51 .small-txt,\n    #wpdmmydls-cbe332008921fadda34fd94228d15e51 small{\n        font-size: 9pt;\n    }\n    .w3eden .table-striped tbody tr:nth-of-type(2n+1) {\n        background-color: rgba(0,0,0,0.015);\n    }\n    .dataTables_wrapper .dataTables_paginate .paginate_button:active,\n    .dataTables_wrapper .dataTables_paginate .paginate_button:focus,\n    .dataTables_wrapper .dataTables_paginate .paginate_button:hover,\n    .dataTables_wrapper .dataTables_paginate .paginate_button{\n        margin: 0 !important;\n        padding: 0 !important;\n        border: 0 !important;\n        background: transparent !important;\n    }\n\n\n    @media (max-width: 799px) {\n        #wpdmmydls-cbe332008921fadda34fd94228d15e51 tr {\n            display: block;\n            border: 3px solid rgba(0,0,0,0.3) !important;\n            margin-bottom: 10px !important;\n            position: relative;\n        }\n        #wpdmmydls-cbe332008921fadda34fd94228d15e51 thead{\n            display: none;\n        }\n        #wpdmmydls-cbe332008921fadda34fd94228d15e51,\n        #wpdmmydls-cbe332008921fadda34fd94228d15e51 td:first-child {\n            border: 0 !important;\n        }\n        #wpdmmydls-cbe332008921fadda34fd94228d15e51 td {\n            display: block;\n        }\n        #wpdmmydls-cbe332008921fadda34fd94228d15e51 td.__dt_col_download_link {\n            display: block;\n            max-width: 100% !important;\n            width: auto !important;\n\n        }\n    }\n\n\n<\/style>\n<div class=\"w3eden\">\n    <div id=\"wpdm-all-packages\">\n        <table id=\"wpdmmydls-cbe332008921fadda34fd94228d15e51\" class=\"table table-striped wpdm-all-packages-table\">\n            <thead>\n            <tr>\n                                    <th style=\"\"  id=\"page_link\" class=\"\">T\u00edtulo<\/th>\n                                    <th style=\"\"  id=\"categories\" class=\"hidden-sm hidden-xs\">Categor\u00edas<\/th>\n                                    <th style=\"\"  id=\"update_date\" class=\"hidden-sm hidden-xs\">Fecha de actualizaci\u00f3n<\/th>\n                                    <th style=\"\"  id=\"download_link\" class=\"hidden-sm hidden-xs\">Descargar<\/th>\n                                <!-- th class=\"hidden-sm hidden-xs\">Categor\u00edas<\/th>\n                <th class=\"hidden-xs\">Fecha de creaci\u00f3n<\/th>\n                <th style=\"width: 100px;\">Descargar<\/th -->\n            <\/tr>\n            <\/thead>\n            <tbody>\n                                    <\/tbody>\n        <\/table>\n\n        <div class='text-center'><\/div>\n    <\/div>\n<\/div>\n\n<\/div><\/div><\/div><\/div>\r\n<div class=\"row w-full no-padding w-v-align w-middle\">\r\n<div class=\"col col-3\"  style=\"background-color:#ffd300\">\r\n    <div class=\"col-inner\"><div class=\"w-space\"  style=\"height:30px\"><\/div><div data-animation=\"bounceIn\"  data-animation-delay=\"0.6\"  class=\"w-info-box w-large w-top w-none w-animation\">\r\n    <div class=\"w-header\">\r\n                <span class=\"w-icon\">\r\n            <i class=\"etline-video\"><\/i>\r\n            <span class=\"w-border\"><\/span>\r\n        <\/span>\r\n                        <h3>Documentaries<\/h3>\r\n            <\/div>\r\n        <div class=\"w-content\">\r\n        <div class=\"w-header\"><\/div>\n<div class=\"w-content\">\n<p>Documentaries about Sabores Silvestres<\/p>\n<\/div>\n            <\/div>\r\n    <\/div>\r\n\r\n\r\n<div class=\"w-space\"  style=\"height:30px\"><\/div><\/div><\/div><div class=\"col col-3 w-text-light\"  style=\"background-color:#594b4a\">\r\n    <div class=\"col-inner\"><div class=\"w-space\"  style=\"height:30px\"><\/div><div data-animation=\"bounceIn\"  data-animation-delay=\"0.6\"  class=\"w-info-box w-large w-top w-none w-animation\">\r\n    <div class=\"w-header\">\r\n                <span class=\"w-icon\">\r\n            <i class=\"etline-camera\"><\/i>\r\n            <span class=\"w-border\"><\/span>\r\n        <\/span>\r\n                        <h3>Photographs<\/h3>\r\n            <\/div>\r\n        <div class=\"w-content\">\r\n        <p>Meet the magical places through images<\/p>\n                        <a class=\"w-link-button small\"  href=\"http:\/\/wydethemes.com\/flora\"  target=\"_blank\">\r\n    <span><\/span>\r\n        <i class=\"flora-icon-right-small\"><\/i>\r\n            Read More    <\/a>            <\/div>\r\n    <\/div>\r\n\r\n\r\n<div class=\"w-space\"  style=\"height:30px\"><\/div><\/div><\/div><div class=\"col col-3\"  style=\"background-color:#ffebba\">\r\n    <div class=\"col-inner\"><div class=\"w-space\"  style=\"height:30px\"><\/div><div data-animation=\"bounceIn\"  data-animation-delay=\"0.6\"  class=\"w-info-box w-large w-top w-none w-animation\">\r\n    <div class=\"w-header\">\r\n                <span class=\"w-icon\">\r\n            <i class=\"etline-documents\"><\/i>\r\n            <span class=\"w-border\"><\/span>\r\n        <\/span>\r\n                        <h3>Fact Sheets<\/h3>\r\n            <\/div>\r\n        <div class=\"w-content\">\r\n        <p>Information fact sheets about fantastic products<\/p>\n            <\/div>\r\n    <\/div>\r\n\r\n\r\n<div class=\"w-space\"  style=\"height:30px\"><\/div><\/div><\/div><div class=\"col col-3\"  style=\"background-color:#84c669\">\r\n    <div class=\"col-inner\"><div class=\"w-space\"  style=\"height:30px\"><\/div><div data-animation=\"bounceIn\"  data-animation-delay=\"0.6\"  class=\"w-info-box w-large w-top w-none w-animation\">\r\n    <div class=\"w-header\">\r\n                <span class=\"w-icon\">\r\n            <i class=\"etline-book-open\"><\/i>\r\n            <span class=\"w-border\"><\/span>\r\n        <\/span>\r\n                        <h3>Gu\u00eda de productos<\/h3>\r\n            <\/div>\r\n        <div class=\"w-content\">\r\n        <p>Press<\/p>\n                        <a class=\"w-link-button small\"  href=\"#\"  target=\"_blank\">\r\n    <span><\/span>\r\n        <i class=\"flora-icon-right-small\"><\/i>\r\n            Read More    <\/a>            <\/div>\r\n    <\/div>\r\n\r\n\r\n<div class=\"w-space\"  style=\"height:30px\"><\/div><\/div><\/div><\/div>","protected":false},"excerpt":{"rendered":"Recopilando HISTORIA Hojas informativas T\u00edtulo Categor\u00edas Fecha de actualizaci\u00f3n Descargar Documentales Documentales que relatan nuestras expediciones. Fotograf\u00edas Conozca los m\u00e1gicos lugares visitados a trav\u00e9s de una serie de im\u00e1genes. Read More Hojas informativas Hojas informativas sobre de productos maravillosos. Gu\u00eda de productos Gu\u00eda de productos provenientes de la biodiversidad. Read More","protected":false},"author":1,"featured_media":0,"parent":1407,"menu_order":0,"comment_status":"open","ping_status":"open","template":"","meta":{"wprm-recipe-roundup-name":[],"wprm-recipe-roundup-description":[],"spay_email":""},"yoast_head":"<!-- This site is optimized with the Yoast SEO plugin v16.5 - https:\/\/yoast.com\/wordpress\/plugins\/seo\/ -->\n<title>Hojas informativas - SABORES SILVESTRES<\/title>\n<meta name=\"robots\" content=\"index, follow, max-snippet:-1, max-image-preview:large, max-video-preview:-1\" \/>\n<link rel=\"canonical\" href=\"https:\/\/www.saboressilvestres.org\/en\/recursos\/hojas-informativas\/\" \/>\n<meta property=\"og:locale\" content=\"en_US\" \/>\n<meta property=\"og:type\" content=\"article\" \/>\n<meta property=\"og:title\" content=\"Hojas informativas - SABORES SILVESTRES\" \/>\n<meta property=\"og:url\" content=\"https:\/\/www.saboressilvestres.org\/en\/recursos\/hojas-informativas\/\" \/>\n<meta property=\"og:site_name\" content=\"SABORES SILVESTRES\" \/>\n<meta property=\"article:modified_time\" content=\"2020-05-27T19:24:44+00:00\" \/>\n<meta name=\"twitter:card\" content=\"summary_large_image\" \/>\n<meta name=\"twitter:label1\" content=\"Est. reading time\" \/>\n\t<meta name=\"twitter:data1\" content=\"2 minutes\" \/>\n<script type=\"application\/ld+json\" class=\"yoast-schema-graph\">{\"@context\":\"https:\/\/schema.org\",\"@graph\":[{\"@type\":\"WebSite\",\"@id\":\"https:\/\/www.saboressilvestres.org\/#website\",\"url\":\"https:\/\/www.saboressilvestres.org\/\",\"name\":\"SABORES SILVESTRES\",\"description\":\"Bolivia\",\"potentialAction\":[{\"@type\":\"SearchAction\",\"target\":\"https:\/\/www.saboressilvestres.org\/?s={search_term_string}\",\"query-input\":\"required name=search_term_string\"}],\"inLanguage\":\"en-US\"},{\"@type\":\"WebPage\",\"@id\":\"https:\/\/www.saboressilvestres.org\/recursos\/hojas-informativas\/#webpage\",\"url\":\"https:\/\/www.saboressilvestres.org\/recursos\/hojas-informativas\/\",\"name\":\"Hojas informativas - SABORES SILVESTRES\",\"isPartOf\":{\"@id\":\"https:\/\/www.saboressilvestres.org\/#website\"},\"datePublished\":\"2020-04-28T16:39:05+00:00\",\"dateModified\":\"2020-05-27T19:24:44+00:00\",\"breadcrumb\":{\"@id\":\"https:\/\/www.saboressilvestres.org\/recursos\/hojas-informativas\/#breadcrumb\"},\"inLanguage\":\"en-US\",\"potentialAction\":[{\"@type\":\"ReadAction\",\"target\":[\"https:\/\/www.saboressilvestres.org\/recursos\/hojas-informativas\/\"]}]},{\"@type\":\"BreadcrumbList\",\"@id\":\"https:\/\/www.saboressilvestres.org\/recursos\/hojas-informativas\/#breadcrumb\",\"itemListElement\":[{\"@type\":\"ListItem\",\"position\":1,\"name\":\"Portada\",\"item\":\"https:\/\/www.saboressilvestres.org\/\"},{\"@type\":\"ListItem\",\"position\":2,\"name\":\"Recursos\",\"item\":\"https:\/\/www.saboressilvestres.org\/recursos\/\"},{\"@type\":\"ListItem\",\"position\":3,\"name\":\"Hojas informativas\"}]}]}<\/script>\n<!-- \/ Yoast SEO plugin. -->","_links":{"self":[{"href":"https:\/\/www.saboressilvestres.org\/en\/wp-json\/wp\/v2\/pages\/1881"}],"collection":[{"href":"https:\/\/www.saboressilvestres.org\/en\/wp-json\/wp\/v2\/pages"}],"about":[{"href":"https:\/\/www.saboressilvestres.org\/en\/wp-json\/wp\/v2\/types\/page"}],"author":[{"embeddable":true,"href":"https:\/\/www.saboressilvestres.org\/en\/wp-json\/wp\/v2\/users\/1"}],"replies":[{"embeddable":true,"href":"https:\/\/www.saboressilvestres.org\/en\/wp-json\/wp\/v2\/comments?post=1881"}],"version-history":[{"count":1,"href":"https:\/\/www.saboressilvestres.org\/en\/wp-json\/wp\/v2\/pages\/1881\/revisions"}],"predecessor-version":[{"id":1882,"href":"https:\/\/www.saboressilvestres.org\/en\/wp-json\/wp\/v2\/pages\/1881\/revisions\/1882"}],"up":[{"embeddable":true,"href":"https:\/\/www.saboressilvestres.org\/en\/wp-json\/wp\/v2\/pages\/1407"}],"wp:attachment":[{"href":"https:\/\/www.saboressilvestres.org\/en\/wp-json\/wp\/v2\/media?parent=1881"}],"curies":[{"name":"wp","href":"https:\/\/api.w.org\/{rel}","templated":true}]}}